{"id":15,"date":"2024-08-08T11:23:33","date_gmt":"2024-08-08T11:23:33","guid":{"rendered":"https:\/\/kcffhzsz.a2hosted.com\/wordpress\/?page_id=15"},"modified":"2026-01-22T01:52:16","modified_gmt":"2026-01-22T01:52:16","slug":"publications","status":"publish","type":"page","link":"https:\/\/toshtachino.com\/index.php\/publications\/","title":{"rendered":"Publications"},"content":{"rendered":"\t\t<div data-elementor-type=\"wp-page\" data-elementor-id=\"15\" class=\"elementor elementor-15\" data-elementor-post-type=\"page\">\n\t\t\t\t<div class=\"elementor-element elementor-element-ec640a1 e-flex e-con-boxed e-con e-parent\" data-id=\"ec640a1\" data-element_type=\"container\" data-e-type=\"container\" data-settings=\"{&quot;background_background&quot;:&quot;gradient&quot;}\">\n\t\t\t\t\t<div class=\"e-con-inner\">\n\t\t\t\t<div class=\"elementor-element elementor-element-10a65a6 elementor-widget elementor-widget-heading\" data-id=\"10a65a6\" data-element_type=\"widget\" data-e-type=\"widget\" data-widget_type=\"heading.default\">\n\t\t\t\t<div class=\"elementor-widget-container\">\n\t\t\t\t\t<h1 class=\"elementor-heading-title elementor-size-default\">Publications<\/h1>\t\t\t\t<\/div>\n\t\t\t\t<\/div>\n\t\t\t\t\t<\/div>\n\t\t\t\t<\/div>\n\t\t<div class=\"elementor-element elementor-element-d8ab707 e-flex e-con-boxed e-con e-parent\" data-id=\"d8ab707\" data-element_type=\"container\" data-e-type=\"container\">\n\t\t\t\t\t<div class=\"e-con-inner\">\n\t\t\t\t<div class=\"elementor-element elementor-element-4611abe elementor-widget elementor-widget-text-editor\" data-id=\"4611abe\" data-element_type=\"widget\" data-e-type=\"widget\" data-widget_type=\"text-editor.default\">\n\t\t\t\t<div class=\"elementor-widget-container\">\n\t\t\t\t\t\t\t\t\t<p><strong>Peer-Reviewed Publications<\/strong><\/p><p style=\"padding-left: 40px; text-indent: -40px;\">Tachino, T. (2025). Infusing \u201cRhetorical\u201d into the ESP Genre Approach. <em><a href=\"https:\/\/jaltcue.org\/ocjsi\/about-ocjsi\">OnCUE Journal Special Issue<\/a> 7<\/em>, ??\u2013??. <a href=\"https:\/\/jaltcue.org\/ocjsi\/vol7\">https:\/\/jaltcue.org\/ocjsi\/vol7<\/a><\/p><p style=\"padding-left: 40px; text-indent: -40px;\">Tachino, T. (2025). <a href=\"https:\/\/www.castledown.com\/journals\/jct\/article\/view\/jct.v1n1.2132\/969\">What AI does: A pragmatic analysis of a writing assignment<\/a>. <a href=\"https:\/\/www.castledown.com\/journals\/jct\/index\"><em>JALTCALL Trends<\/em><\/a>, 1(1), 49-54. <a href=\"https:\/\/doi.org\/10.29140\/jct.v1n1.2132\">https:\/\/doi.org\/10.29140\/jct.v1n1.2132<\/a><\/p><p style=\"padding-left: 40px; text-indent: -40px;\">Tachino, T. (2024). <a href=\"https:\/\/td.jalt.org\/wp-content\/uploads\/2025\/02\/ETD-30.2-Tachino.pdf\">Academic publishing 101: Basics of academic writing for publication<\/a>. <a href=\"https:\/\/td.jalt.org\/index.php\/etdjournal\/\"><em>Explorations in Teacher Development<\/em><\/a>, <a href=\"https:\/\/td.jalt.org\/wp-content\/uploads\/2025\/02\/ETD-30.2-1.pdf\"><em>30<\/em>(2)<\/a>, 4-15.<\/p><p style=\"padding-left: 40px; text-indent: -40px;\">Tachino, T. (2024). Language instruction to change the world: Possibilities for action-oriented language instruction in your classroom. <a href=\"https:\/\/ld-sig.org\/learning-learning\/spring-2024-volume-31-no-1\/\"><em>Learning Learning<\/em>, <em>31<\/em>(1)<\/a>, 9-14. <a href=\"https:\/\/ld-sig.org\/wp-content\/uploads\/2024\/02\/Tachino.pdf\">https:\/\/ld-sig.org\/wp-content\/uploads\/2024\/02\/Tachino.pdf<\/a><\/p><p style=\"padding-left: 40px; text-indent: -40px;\">Tachino, T. (2021). Mobilizing knowledge: Reported speech and citation in public policy deliberations. <a href=\"https:\/\/journal.equinoxpub.com\/JALPP\/article\/view\/21053\"><em>Journal of Applied Linguistics and Professional Practice<\/em>, <em>15<\/em>(3), 288\u2013312<\/a>.<a href=\"https:\/\/doi.org\/10.1558\/jalpp.21053\"> https:\/\/doi.org\/10.1558\/jalpp.21053<\/a><\/p><p style=\"padding-left: 40px; text-indent: -40px;\">Tachino, T. (2017). Documenting knowledge mobilization: a quantitative analysis of citation and reported speech in a Canadian public inquiry. <a href=\"https:\/\/www.degruyter.com\/document\/doi\/10.1515\/text-2017-0025\/html\"><em>Text &amp; Talk<\/em>, <em>37<\/em>(6), 735-757<\/a>. <a href=\"https:\/\/doi.org\/10.1515\/text-2017-0025\">https:\/\/doi.org\/10.1515\/text-2017-0025<\/a><\/p><p style=\"padding-left: 40px; text-indent: -40px;\">Tachino, T. (2016). <a href=\"https:\/\/muse.jhu.edu\/pub\/187\/edited_volume\/chapter\/1759826\">Multiple intertextual threads and (un)likely uptakes: An analysis of a Canadian public inquiry<\/a>. In M. J. Reiff &amp; A. Bawarshi (Eds.), <a href=\"https:\/\/upcolorado.com\/utah-state-university-press\/item\/2791-genre-and-the-performance-of-publics\"><em>Genre and the performance of publics<\/em><\/a> (pp. 178-98). Logan: Utah State University Press.<\/p><p style=\"padding-left: 40px; text-indent: -40px;\">Tachino, T. (2012). Theorizing uptake and knowledge mobilization: A case for intermediary genre. <a href=\"https:\/\/journals.sagepub.com\/doi\/abs\/10.1177\/0741088312457908\"><em>Written Communication<\/em>, <em>29<\/em>(4), 455-476<\/a>. doi:10.1177\/0741088312457908<\/p><p style=\"padding-left: 40px; text-indent: -40px;\">Tachino, T., &amp; Russell, D. R. (2012, January). Analyzing GM Food Risk Arguments through an Online, Multi-media Case Study. In <em><a href=\"https:\/\/jeangoodwin.net\/2012\/07\/26\/between-scientists-citizens-proceedings-of-a-conference-at-iowa-state-university-june-1-2-2012\/\">Between Scientists &amp; Citizens: Proceedings of a Conference<\/a> at Iowa State University<\/em>, June 1-2, 2012 (pp. 379-392): Great Plains Society for the Study of Argumentation, Ames, IA.<\/p><p style=\"padding-left: 40px; text-indent: -40px;\">Russell, D. R., &amp; Tachino, T. (2012). Reasoning from Scientific Information: How Do University Students Construct Policy Arguments in a Multimedia Online Case?. <a href=\"https:\/\/cidtff.web.ua.pt\/producao\/clara_ferrao_tavares\/Intercompreensao.pdf\"><em>Intercompreens\u00e3o: Revista de Did\u00e1ctica das L\u00ednguas<\/em><\/a>, <em>16<\/em>, 23-65.<\/p><p style=\"padding-left: 40px; text-indent: -40px;\">Tachino, T. (2010). Genre, ideology, and knowledge in academic research and public policy. <em>Linguagem em (Dis)curso<\/em>, <em>10<\/em>, <a href=\"https:\/\/portaldeperiodicos.animaeducacao.com.br\/index.php\/Linguagem_Discurso\/article\/view\/559\">595-618<\/a>. <a href=\"https:\/\/portaldeperiodicos.animaeducacao.com.br\/index.php\/Linguagem_Discurso\/article\/view\/559\/543\">https:\/\/portaldeperiodicos.animaeducacao.com.br\/index.php\/Linguagem_Discurso\/article\/view\/559\/543<\/a><\/p><p><strong>Dissertation<\/strong><\/p><p style=\"padding-left: 40px; text-indent: -40px;\">Tachino, T. (2008). <em>Academic research and public policy: Rhetorical lessons from the Sophonow Inquiry<\/em> [Doctoral dissertation] Iowa State University. <a href=\"https:\/\/dr.lib.iastate.edu\/entities\/publication\/d2d2a137-16e3-49d6-937e-90b09e006588\/full\">https:\/\/dr.lib.iastate.edu\/entities\/publication\/d2d2a137-16e3-49d6-937e-90b09e006588\/full<\/a><\/p><p><strong>Other Publications<\/strong><\/p><p style=\"padding-left: 40px; text-indent: -40px;\">Tachino, T. (September 30, 2025). Voices from the 2025 CUE conference: Dr. Tosh Tachino. <em>CUE SIG Newsletter<\/em>.<\/p><p style=\"padding-left: 40px; text-indent: -40px;\">Tachino, T. (July 31, 2025). A Caf\u00e9 of Ideas: Exploring agency and autonomy at PanSIG 2025.<em> CUE SIG Newsletter<\/em>.<\/p><p style=\"padding-left: 40px; text-indent: -40px;\">Tachino, T. (2024). <a href=\"https:\/\/jaltcue.org\/files\/OnCUE\/OCJ16.1\/OCJ16.1_7_Tachino.pdf\">The CUE\u2019s 30th year anniversary conference in Toyama<\/a>. <a href=\"https:\/\/jaltcue.org\/journal_16.1\"><em>OnCUE Journal<\/em>,<em> 16<\/em>(1)<\/a>, 111-115.\u00a0<a href=\"https:\/\/jaltcue.org\/files\/OnCUE\/OCJ16.1\/OCJ16.1_7_Tachino.pdf\">https:\/\/jaltcue.org\/files\/OnCUE\/OCJ16.1\/OCJ16.1_7_Tachino.pdf<\/a><\/p><p style=\"padding-left: 40px; text-indent: -40px;\">Tachino, T. (2024). <a href=\"https:\/\/jaltcue.org\/files\/cuecircular\/CUE_Circular_Issue_14.pdf\">Summary of the ESP Symposium<\/a>. <a href=\"https:\/\/jaltcue.org\/cuecircular\"><em>CUE<\/em> <em>Circular, 14<\/em><\/a>, 3.<\/p><p style=\"padding-left: 40px; text-indent: -40px;\">Cochran, M. [photographer], &amp; Tachino, T. [essayist] (2024). <a href=\"https:\/\/toshtachino.com\/in-search-of-japan\/\"><em>In search of Japan: First sights and old memories or Maria\u2019s way and Tosh\u2019s time regained<\/em> [Photographic essay]<\/a>. Blurb.<\/p><p style=\"padding-left: 40px; text-indent: -40px;\">Okeyo, W., Nyaga, J. G., Tachino, T, Awuor, E., Kimani, C., Nyaga, A. W., Mabonga, G. N, Miller, R., Ritchie, Z., &amp; Wanjohi, J. K. (2024). <em>The last train from Narita, a dive into the future<\/em>. Smart Source.<\/p><p style=\"padding-left: 40px; text-indent: -40px;\">Tachino, T. (May, 2024). Reflections after PanSIG: Thank you from CUE SIG for embracing technology while nurturing human connection. <em>CUE SIG Newsletter<\/em>.<\/p><p style=\"padding-left: 40px; text-indent: -40px;\">Tachino, T. (2011). Book Review: \u201cAcademic Writing in a Global Context.\u201d [Review of the book <a href=\"https:\/\/www.amazon.co.jp\/Academic-Writing-Global-Context-Publishing\/dp\/0415468833\">Academic writing in a global context by Theresa Lillis and Mary Jane Curry<\/a>]. <a href=\"https:\/\/journals.sagepub.com\/home\/jbt\"><em>Journal of Business and Technical Communication<\/em><\/a>, <em>25<\/em>(4), 492-495. <a href=\"https:\/\/doi.org\/10.1177\/1050651911411044\">https:\/\/doi.org\/10.1177\/1050651911411044<\/a><\/p><p style=\"padding-left: 40px; text-indent: -40px;\">Tachino, T. (2009). Book Review: \u201cRhetorical Genre Studies and Beyond.\u201d [Review of the book <a href=\"https:\/\/www.amazon.com\/Rhetorical-Studies-Beyond-Natasha-Artemeva\/dp\/1412092027\">Rhetorical genre studies and beyond, by N. Artemeva &amp; A. Freedman<\/a>]. <em>Inkshed<\/em>, <em>25<\/em>(2), 14-19. <a href=\"https:\/\/casdw-acr.ca\/wp-content\/uploads\/2018\/01\/inkshednewsletter25-2-2009-winterl.pdf\">https:\/\/casdw-acr.ca\/wp-content\/uploads\/2018\/01\/inkshednewsletter25-2-2009-winterl.pdf<\/a><\/p><p style=\"padding-left: 40px; text-indent: -40px;\">Tachino, T. (2008, December 15). Research takes time to make an impact. <a href=\"https:\/\/archives.winnipegfreepress.com\/winnipeg-free-press\/2008-12-15\/page-7\/\"><em>The Winnipeg Free Press<\/em>, A7<\/a>.<\/p><p style=\"padding-left: 40px; text-indent: -40px;\">Tachino, T. (2005). Book Review: Conversations about Writing: Eavesdropping, inkshedding, and joining in. [Review of the book <a href=\"https:\/\/www.amazon.com\/CONVERSATIONS-ABOUT-WRITING-Elizabeth-Sargent\/dp\/0176414983\">Conversations about writing: Eavesdropping, inkshedding, and joining in by M. E. Sargent &amp; C. C. Paraskevas<\/a>]. <em>Inkshed<\/em>, <em>22<\/em>(2), 10-13. <a href=\"https:\/\/casdw-acr.ca\/wp-content\/uploads\/2018\/01\/inkshednewsletter22-2-2005-summer.pdf\">https:\/\/casdw-acr.ca\/wp-content\/uploads\/2018\/01\/inkshednewsletter22-2-2005-summer.pdf<\/a><\/p><p style=\"padding-left: 40px; text-indent: -40px;\">Tachino, T. (2005). Book Review: \u201cThe Rhetoric of Risk: Technical documentation in hazardous environments.\u201d [Review of the book <a href=\"https:\/\/www.amazon.com\/Rhetoric-Risk-Technical-Documentation-Environments-ebook\/dp\/B0CM82CP1B\/ref=sr_1_1?crid=1B5IBZZ0IPDT7&amp;dib=eyJ2IjoiMSJ9.2xcvFgeaVrUWl_VapxeK6BNJdg-Ja5ZNYl_8KH_XVdLOKLWQ-ajWibBCb3knjwTyKvyQG36O4-wWabxpgG5EQ7uBdJG90VH0j9PPA6Hm7n8JXVtijMYXEPP_HA0u8bOkCO33n9C7KDR2H8LencT5PVIhax2VDq9QMO0iloMfEzvlxhFoQFynNd6N0FYamu3NYx2HcSLqx7ZxHC0DSKhUlcPRwlivhFU-R4GI9RlYha0.BXTWudbstmY7Wmx5K9mveKiRdBHy1rNkt4dgWXDo_yk&amp;dib_tag=se&amp;keywords=rhetoric+of+risk&amp;qid=1736159301&amp;s=books&amp;sprefix=rhetoric+of+ris%2Cstripbooks-intl-ship%2C271&amp;sr=1-1\">The rhetoric of risk: technical documentation in hazardous environment by B. Sauer<\/a>]. <a href=\"https:\/\/journals.sagepub.com\/doi\/10.1177\/1050651904272982\"><em>Journal of Business and Technical Communication<\/em>, <em>19<\/em>(2), 219-222<\/a>.<\/p><p style=\"padding-left: 40px; text-indent: -40px;\">Tachino, T. (2003). An academic strikes back: Transgressing the genre of bureaucracy. Inkshed 20(3), 1-6. <a href=\"https:\/\/casdw-acr.ca\/wp-content\/uploads\/2018\/01\/inkshednewsletter20-3-2003-autumn.pdf\">https:\/\/casdw-acr.ca\/wp-content\/uploads\/2018\/01\/inkshednewsletter20-3-2003-autumn.pdf<\/a><br \/><span style=\"display: none;\">Tosh Tachino &#8211; Publications<\/span><\/p>\t\t\t\t\t\t\t\t<\/div>\n\t\t\t\t<\/div>\n\t\t\t\t\t<\/div>\n\t\t\t\t<\/div>\n\t\t\t\t<\/div>\n\t\t","protected":false},"excerpt":{"rendered":"<p>Publications Peer-Reviewed Publications Tachino, T. (2025). Infusing \u201cRhetorical\u201d into the ESP Genre Approach. OnCUE Journal Special Issue 7, ??\u2013??. https:\/\/jaltcue.org\/ocjsi\/vol7 Tachino, T. (2025). What AI does: A pragmatic analysis of a writing assignment. JALTCALL Trends, 1(1), 49-54. https:\/\/doi.org\/10.29140\/jct.v1n1.2132 Tachino, T. (2024). Academic publishing 101: Basics of academic writing for publication. Explorations in Teacher Development, 30(2), [&hellip;]<\/p>\n","protected":false},"author":1,"featured_media":0,"parent":0,"menu_order":0,"comment_status":"closed","ping_status":"closed","template":"","meta":{"footnotes":""},"class_list":["post-15","page","type-page","status-publish","hentry"],"yoast_head":"<!-- This site is optimized with the Yoast SEO plugin v24.7 - https:\/\/yoast.com\/wordpress\/plugins\/seo\/ -->\n<title>Publications - Tosh Tachino<\/title>\n<meta name=\"robots\" content=\"index, follow, max-snippet:-1, max-image-preview:large, max-video-preview:-1\" \/>\n<link rel=\"canonical\" href=\"https:\/\/toshtachino.com\/index.php\/publications\/\" \/>\n<meta property=\"og:locale\" content=\"en_US\" \/>\n<meta property=\"og:type\" content=\"article\" \/>\n<meta property=\"og:title\" content=\"Publications - Tosh Tachino\" \/>\n<meta property=\"og:description\" content=\"Publications Peer-Reviewed Publications Tachino, T. (2025). Infusing \u201cRhetorical\u201d into the ESP Genre Approach. OnCUE Journal Special Issue 7, ??\u2013??. https:\/\/jaltcue.org\/ocjsi\/vol7 Tachino, T. (2025). What AI does: A pragmatic analysis of a writing assignment. JALTCALL Trends, 1(1), 49-54. https:\/\/doi.org\/10.29140\/jct.v1n1.2132 Tachino, T. (2024). Academic publishing 101: Basics of academic writing for publication. Explorations in Teacher Development, 30(2), [&hellip;]\" \/>\n<meta property=\"og:url\" content=\"https:\/\/toshtachino.com\/index.php\/publications\/\" \/>\n<meta property=\"og:site_name\" content=\"Tosh Tachino\" \/>\n<meta property=\"article:publisher\" content=\"https:\/\/www.facebook.com\/profile.php?id=100095131629986\" \/>\n<meta property=\"article:modified_time\" content=\"2026-01-22T01:52:16+00:00\" \/>\n<meta name=\"twitter:card\" content=\"summary_large_image\" \/>\n<meta name=\"twitter:label1\" content=\"Est. reading time\" \/>\n\t<meta name=\"twitter:data1\" content=\"3 minutes\" \/>\n<script type=\"application\/ld+json\" class=\"yoast-schema-graph\">{\"@context\":\"https:\/\/schema.org\",\"@graph\":[{\"@type\":\"WebPage\",\"@id\":\"https:\/\/toshtachino.com\/index.php\/publications\/\",\"url\":\"https:\/\/toshtachino.com\/index.php\/publications\/\",\"name\":\"Publications - Tosh Tachino\",\"isPartOf\":{\"@id\":\"https:\/\/toshtachino.com\/#website\"},\"datePublished\":\"2024-08-08T11:23:33+00:00\",\"dateModified\":\"2026-01-22T01:52:16+00:00\",\"breadcrumb\":{\"@id\":\"https:\/\/toshtachino.com\/index.php\/publications\/#breadcrumb\"},\"inLanguage\":\"en-US\",\"potentialAction\":[{\"@type\":\"ReadAction\",\"target\":[\"https:\/\/toshtachino.com\/index.php\/publications\/\"]}]},{\"@type\":\"BreadcrumbList\",\"@id\":\"https:\/\/toshtachino.com\/index.php\/publications\/#breadcrumb\",\"itemListElement\":[{\"@type\":\"ListItem\",\"position\":1,\"name\":\"Home\",\"item\":\"https:\/\/toshtachino.com\/\"},{\"@type\":\"ListItem\",\"position\":2,\"name\":\"Publications\"}]},{\"@type\":\"WebSite\",\"@id\":\"https:\/\/toshtachino.com\/#website\",\"url\":\"https:\/\/toshtachino.com\/\",\"name\":\"Tosh Tachino\",\"description\":\"Finding solutions to your language and communication problems\",\"publisher\":{\"@id\":\"https:\/\/toshtachino.com\/#\/schema\/person\/535554ab1a12d82caa455863b3eb5a25\"},\"alternateName\":\"Tosh Tachino\",\"potentialAction\":[{\"@type\":\"SearchAction\",\"target\":{\"@type\":\"EntryPoint\",\"urlTemplate\":\"https:\/\/toshtachino.com\/?s={search_term_string}\"},\"query-input\":{\"@type\":\"PropertyValueSpecification\",\"valueRequired\":true,\"valueName\":\"search_term_string\"}}],\"inLanguage\":\"en-US\"},{\"@type\":[\"Person\",\"Organization\"],\"@id\":\"https:\/\/toshtachino.com\/#\/schema\/person\/535554ab1a12d82caa455863b3eb5a25\",\"name\":\"Tosh Tachino\",\"image\":{\"@type\":\"ImageObject\",\"inLanguage\":\"en-US\",\"@id\":\"https:\/\/toshtachino.com\/#\/schema\/person\/image\/\",\"url\":\"https:\/\/toshtachino.com\/wp-content\/uploads\/2024\/08\/tt_logo.png\",\"contentUrl\":\"https:\/\/toshtachino.com\/wp-content\/uploads\/2024\/08\/tt_logo.png\",\"width\":600,\"height\":600,\"caption\":\"Tosh Tachino\"},\"logo\":{\"@id\":\"https:\/\/toshtachino.com\/#\/schema\/person\/image\/\"},\"description\":\"Tosh Tachino, Ph.D., is a university lecturer and a language and communication consultant. His research involves the intersection of academic research and public policy, and he examines knowledge mobilization from linguistic and rhetorical perspectives. His specialty in teaching is academic English for research publications, and he has helped researchers, professors, and students of all levels (both L1 and L2) achieve their goals. His previous work has appeared in the Journal of Applied Linguistics and Professional Practice, Text and Talk, Written Communication, Winnipeg Free Press, Inkshed, and in an anthology Genre and the Performance of Publics (Utah State University Press), among others.\",\"sameAs\":[\"http:\/\/toshtachino.com\",\"https:\/\/www.facebook.com\/profile.php?id=100095131629986\",\"https:\/\/www.instagram.com\/toshtachino\/\",\"https:\/\/www.linkedin.com\/in\/tosh-tachino\/\",\"https:\/\/www.tumblr.com\/toshtachino\"]}]}<\/script>\n<!-- \/ Yoast SEO plugin. -->","yoast_head_json":{"title":"Publications - Tosh Tachino","robots":{"index":"index","follow":"follow","max-snippet":"max-snippet:-1","max-image-preview":"max-image-preview:large","max-video-preview":"max-video-preview:-1"},"canonical":"https:\/\/toshtachino.com\/index.php\/publications\/","og_locale":"en_US","og_type":"article","og_title":"Publications - Tosh Tachino","og_description":"Publications Peer-Reviewed Publications Tachino, T. (2025). Infusing \u201cRhetorical\u201d into the ESP Genre Approach. OnCUE Journal Special Issue 7, ??\u2013??. https:\/\/jaltcue.org\/ocjsi\/vol7 Tachino, T. (2025). What AI does: A pragmatic analysis of a writing assignment. JALTCALL Trends, 1(1), 49-54. https:\/\/doi.org\/10.29140\/jct.v1n1.2132 Tachino, T. (2024). Academic publishing 101: Basics of academic writing for publication. Explorations in Teacher Development, 30(2), [&hellip;]","og_url":"https:\/\/toshtachino.com\/index.php\/publications\/","og_site_name":"Tosh Tachino","article_publisher":"https:\/\/www.facebook.com\/profile.php?id=100095131629986","article_modified_time":"2026-01-22T01:52:16+00:00","twitter_card":"summary_large_image","twitter_misc":{"Est. reading time":"3 minutes"},"schema":{"@context":"https:\/\/schema.org","@graph":[{"@type":"WebPage","@id":"https:\/\/toshtachino.com\/index.php\/publications\/","url":"https:\/\/toshtachino.com\/index.php\/publications\/","name":"Publications - Tosh Tachino","isPartOf":{"@id":"https:\/\/toshtachino.com\/#website"},"datePublished":"2024-08-08T11:23:33+00:00","dateModified":"2026-01-22T01:52:16+00:00","breadcrumb":{"@id":"https:\/\/toshtachino.com\/index.php\/publications\/#breadcrumb"},"inLanguage":"en-US","potentialAction":[{"@type":"ReadAction","target":["https:\/\/toshtachino.com\/index.php\/publications\/"]}]},{"@type":"BreadcrumbList","@id":"https:\/\/toshtachino.com\/index.php\/publications\/#breadcrumb","itemListElement":[{"@type":"ListItem","position":1,"name":"Home","item":"https:\/\/toshtachino.com\/"},{"@type":"ListItem","position":2,"name":"Publications"}]},{"@type":"WebSite","@id":"https:\/\/toshtachino.com\/#website","url":"https:\/\/toshtachino.com\/","name":"Tosh Tachino","description":"Finding solutions to your language and communication problems","publisher":{"@id":"https:\/\/toshtachino.com\/#\/schema\/person\/535554ab1a12d82caa455863b3eb5a25"},"alternateName":"Tosh Tachino","potentialAction":[{"@type":"SearchAction","target":{"@type":"EntryPoint","urlTemplate":"https:\/\/toshtachino.com\/?s={search_term_string}"},"query-input":{"@type":"PropertyValueSpecification","valueRequired":true,"valueName":"search_term_string"}}],"inLanguage":"en-US"},{"@type":["Person","Organization"],"@id":"https:\/\/toshtachino.com\/#\/schema\/person\/535554ab1a12d82caa455863b3eb5a25","name":"Tosh Tachino","image":{"@type":"ImageObject","inLanguage":"en-US","@id":"https:\/\/toshtachino.com\/#\/schema\/person\/image\/","url":"https:\/\/toshtachino.com\/wp-content\/uploads\/2024\/08\/tt_logo.png","contentUrl":"https:\/\/toshtachino.com\/wp-content\/uploads\/2024\/08\/tt_logo.png","width":600,"height":600,"caption":"Tosh Tachino"},"logo":{"@id":"https:\/\/toshtachino.com\/#\/schema\/person\/image\/"},"description":"Tosh Tachino, Ph.D., is a university lecturer and a language and communication consultant. His research involves the intersection of academic research and public policy, and he examines knowledge mobilization from linguistic and rhetorical perspectives. His specialty in teaching is academic English for research publications, and he has helped researchers, professors, and students of all levels (both L1 and L2) achieve their goals. His previous work has appeared in the Journal of Applied Linguistics and Professional Practice, Text and Talk, Written Communication, Winnipeg Free Press, Inkshed, and in an anthology Genre and the Performance of Publics (Utah State University Press), among others.","sameAs":["http:\/\/toshtachino.com","https:\/\/www.facebook.com\/profile.php?id=100095131629986","https:\/\/www.instagram.com\/toshtachino\/","https:\/\/www.linkedin.com\/in\/tosh-tachino\/","https:\/\/www.tumblr.com\/toshtachino"]}]}},"_links":{"self":[{"href":"https:\/\/toshtachino.com\/index.php\/wp-json\/wp\/v2\/pages\/15","targetHints":{"allow":["GET"]}}],"collection":[{"href":"https:\/\/toshtachino.com\/index.php\/wp-json\/wp\/v2\/pages"}],"about":[{"href":"https:\/\/toshtachino.com\/index.php\/wp-json\/wp\/v2\/types\/page"}],"author":[{"embeddable":true,"href":"https:\/\/toshtachino.com\/index.php\/wp-json\/wp\/v2\/users\/1"}],"replies":[{"embeddable":true,"href":"https:\/\/toshtachino.com\/index.php\/wp-json\/wp\/v2\/comments?post=15"}],"version-history":[{"count":85,"href":"https:\/\/toshtachino.com\/index.php\/wp-json\/wp\/v2\/pages\/15\/revisions"}],"predecessor-version":[{"id":838,"href":"https:\/\/toshtachino.com\/index.php\/wp-json\/wp\/v2\/pages\/15\/revisions\/838"}],"wp:attachment":[{"href":"https:\/\/toshtachino.com\/index.php\/wp-json\/wp\/v2\/media?parent=15"}],"curies":[{"name":"wp","href":"https:\/\/api.w.org\/{rel}","templated":true}]}}