{"id":17,"date":"2024-08-08T11:23:52","date_gmt":"2024-08-08T11:23:52","guid":{"rendered":"https:\/\/kcffhzsz.a2hosted.com\/wordpress\/?page_id=17"},"modified":"2025-11-28T07:53:56","modified_gmt":"2025-11-28T07:53:56","slug":"teaching","status":"publish","type":"page","link":"https:\/\/toshtachino.com\/index.php\/teaching\/","title":{"rendered":"Teaching"},"content":{"rendered":"\t\t<div data-elementor-type=\"wp-page\" data-elementor-id=\"17\" class=\"elementor elementor-17\" data-elementor-post-type=\"page\">\n\t\t\t\t<div class=\"elementor-element elementor-element-7fe4a85 e-flex e-con-boxed e-con e-parent\" data-id=\"7fe4a85\" data-element_type=\"container\" data-e-type=\"container\" data-settings=\"{&quot;background_background&quot;:&quot;gradient&quot;}\">\n\t\t\t\t\t<div class=\"e-con-inner\">\n\t\t\t\t<div class=\"elementor-element elementor-element-836c66f elementor-widget elementor-widget-heading\" data-id=\"836c66f\" data-element_type=\"widget\" data-e-type=\"widget\" data-widget_type=\"heading.default\">\n\t\t\t\t<div class=\"elementor-widget-container\">\n\t\t\t\t\t<h1 class=\"elementor-heading-title elementor-size-default\">Teaching<\/h1>\t\t\t\t<\/div>\n\t\t\t\t<\/div>\n\t\t\t\t\t<\/div>\n\t\t\t\t<\/div>\n\t\t<div class=\"elementor-element elementor-element-9a06fe0 e-flex e-con-boxed e-con e-parent\" data-id=\"9a06fe0\" data-element_type=\"container\" data-e-type=\"container\">\n\t\t\t\t\t<div class=\"e-con-inner\">\n\t\t\t\t<div class=\"elementor-element elementor-element-4fc0ebc elementor-widget elementor-widget-text-editor\" data-id=\"4fc0ebc\" data-element_type=\"widget\" data-e-type=\"widget\" data-widget_type=\"text-editor.default\">\n\t\t\t\t<div class=\"elementor-widget-container\">\n\t\t\t\t\t\t\t\t\tDr. Tachino has taught a range of subject to diverse students and clients in many different contexts. His specialty in teaching is academic writing for research publications, and he trains both graduate students (both L1 and L2) and other researchers. He is always excited to see his students and clients succeed in publishing their first research articles. He also teaches related skills, such as research presentations, strategies for reading research articles, and other skills as scholars.\n\nAt the undergraduate level, Dr. Tachino has taught classes, such as rhetorical criticism, academic writing, and written, oral, visual, and electronic composition to L1 American and Canadian students and various ESL\/EFL\/EAP classes to L2 students.\n\nElsewhere, he has taught and tutored subjects, such as linguistics, rhetorical grammar, informal logic, Japanese, Spanish, and classical Latin to English speakers and ESL\/EFL\/EAP to L2 learners of all levels, ranging from professionals to illiterate immigrants.\n\nAdem\u00e1s, incluso tuvo la oportunidad de ense\u00f1ar matem\u00e1ticas y alfabetizaci\u00f3n en espa\u00f1ol. (In addition, he even had a chance to teach math and Spanish literacy in Spanish.)\n\n<center>~~~~~<\/center>\n\n<em>&#8220;The class was like a master class of 4 year Business Admin in half day. The teacher is really good. He knows what he is saying, and he does it really good.&#8221; \u2014Takashi Takegami<br><br>\n&#8220;Everything was detailed. The activities helped to understand better. It\u2019s a very participative class. Enjoyed the class so much! :-)&#8221;<br><br>\n&#8220;I enjoyed the class and was able to work on it because of the enthusiasm with which you taught it.&#8221;<br><br>\n&#8220;Thank you very much for your classes over the past year. Thank you so much for caring about me and talking to me in every class. From next year , I will do my best to make use of the knowledge I have acquired in this class. I&#8217;m really glad I was your student.&#8221;<br><br>\n&#8220;I enjoyed the class and was able to work on it because of the enthusiasm with which you taught it. &#8230; His smile was motivating. I would be happy to take your class again.&#8221;<br><br>\n&#8220;\u5b9f\u8df5\u306e\u5834\u304c\u591a\u304f\u3001\u4ed6\u306e\u4eba\u304b\u3089\u898b\u3066\u7fd2\u3046\u3053\u3068\u3082\u3067\u304d\u305f\u3002\u307e\u305f\u3001\u5148\u751f\u306e\u5bfe\u5fdc\u304c\u4e01\u5be7\u3067\u30e2\u30c1\u30d9\u30fc\u30b7\u30e7\u30f3\u30a2\u30c3\u30d7\u306b\u3064\u306a\u304c\u3063\u305f\u3002&#8221;<br><br>\n&#8220;\u751f\u5f92\u306e\u52aa\u529b\u306b\u6ce8\u76ee\u3057\u3066\u8a55\u4fa1\u3059\u308b\u70b9\u304c\u3068\u3066\u3082\u826f\u3044\u3067\u3059\u3002\u5b9f\u969b\u306e\u6210\u679c\u304c\u8a55\u4fa1\u57fa\u6e96\u306b\u306a\u308b\u306e\u306f\u3082\u3061\u308d\u3093\u3067\u3059\u304c\u3001\u524d\u56de\u3068\u6bd4\u8f03\u3067\u7d50\u679c\u7684\u306b\u5411\u4e0a\u3057\u305f\u5834\u5408\u3082\u304d\u3063\u3068\u5c11\u3057\u9ad8\u3044\u8a55\u4fa1\u304c\u3082\u3089\u3048\u308b\u3088\u3046\u306b\u306a\u3063\u3066\u3044\u305f\u306e\u3060\u3068\u304a\u3082\u3044\u307e\u3059\u3002&#8221;<\/em>\n<center>~~~~~<\/center>\n<span style=\"display: none;\">Tosh Tachino &#8211; Teaching<\/span>\t\t\t\t\t\t\t\t<\/div>\n\t\t\t\t<\/div>\n\t\t\t\t\t<\/div>\n\t\t\t\t<\/div>\n\t\t\t\t<\/div>\n\t\t","protected":false},"excerpt":{"rendered":"<p>Teaching Dr. Tachino has taught a range of subject to diverse students and clients in many different contexts. His specialty in teaching is academic writing for research publications, and he trains both graduate students (both L1 and L2) and other researchers. He is always excited to see his students and clients succeed in publishing their [&hellip;]<\/p>\n","protected":false},"author":1,"featured_media":0,"parent":0,"menu_order":0,"comment_status":"closed","ping_status":"closed","template":"","meta":{"footnotes":""},"class_list":["post-17","page","type-page","status-publish","hentry"],"yoast_head":"<!-- This site is optimized with the Yoast SEO plugin v24.7 - https:\/\/yoast.com\/wordpress\/plugins\/seo\/ -->\n<title>Teaching - Tosh Tachino<\/title>\n<meta name=\"robots\" content=\"index, follow, max-snippet:-1, max-image-preview:large, max-video-preview:-1\" \/>\n<link rel=\"canonical\" href=\"https:\/\/toshtachino.com\/index.php\/teaching\/\" \/>\n<meta property=\"og:locale\" content=\"en_US\" \/>\n<meta property=\"og:type\" content=\"article\" \/>\n<meta property=\"og:title\" content=\"Teaching - Tosh Tachino\" \/>\n<meta property=\"og:description\" content=\"Teaching Dr. Tachino has taught a range of subject to diverse students and clients in many different contexts. His specialty in teaching is academic writing for research publications, and he trains both graduate students (both L1 and L2) and other researchers. He is always excited to see his students and clients succeed in publishing their [&hellip;]\" \/>\n<meta property=\"og:url\" content=\"https:\/\/toshtachino.com\/index.php\/teaching\/\" \/>\n<meta property=\"og:site_name\" content=\"Tosh Tachino\" \/>\n<meta property=\"article:publisher\" content=\"https:\/\/www.facebook.com\/profile.php?id=100095131629986\" \/>\n<meta property=\"article:modified_time\" content=\"2025-11-28T07:53:56+00:00\" \/>\n<meta name=\"twitter:card\" content=\"summary_large_image\" \/>\n<meta name=\"twitter:label1\" content=\"Est. reading time\" \/>\n\t<meta name=\"twitter:data1\" content=\"2 minutes\" \/>\n<script type=\"application\/ld+json\" class=\"yoast-schema-graph\">{\"@context\":\"https:\/\/schema.org\",\"@graph\":[{\"@type\":\"WebPage\",\"@id\":\"https:\/\/toshtachino.com\/index.php\/teaching\/\",\"url\":\"https:\/\/toshtachino.com\/index.php\/teaching\/\",\"name\":\"Teaching - Tosh Tachino\",\"isPartOf\":{\"@id\":\"https:\/\/toshtachino.com\/#website\"},\"datePublished\":\"2024-08-08T11:23:52+00:00\",\"dateModified\":\"2025-11-28T07:53:56+00:00\",\"breadcrumb\":{\"@id\":\"https:\/\/toshtachino.com\/index.php\/teaching\/#breadcrumb\"},\"inLanguage\":\"en-US\",\"potentialAction\":[{\"@type\":\"ReadAction\",\"target\":[\"https:\/\/toshtachino.com\/index.php\/teaching\/\"]}]},{\"@type\":\"BreadcrumbList\",\"@id\":\"https:\/\/toshtachino.com\/index.php\/teaching\/#breadcrumb\",\"itemListElement\":[{\"@type\":\"ListItem\",\"position\":1,\"name\":\"Home\",\"item\":\"https:\/\/toshtachino.com\/\"},{\"@type\":\"ListItem\",\"position\":2,\"name\":\"Teaching\"}]},{\"@type\":\"WebSite\",\"@id\":\"https:\/\/toshtachino.com\/#website\",\"url\":\"https:\/\/toshtachino.com\/\",\"name\":\"Tosh Tachino\",\"description\":\"Finding solutions to your language and communication problems\",\"publisher\":{\"@id\":\"https:\/\/toshtachino.com\/#\/schema\/person\/535554ab1a12d82caa455863b3eb5a25\"},\"alternateName\":\"Tosh Tachino\",\"potentialAction\":[{\"@type\":\"SearchAction\",\"target\":{\"@type\":\"EntryPoint\",\"urlTemplate\":\"https:\/\/toshtachino.com\/?s={search_term_string}\"},\"query-input\":{\"@type\":\"PropertyValueSpecification\",\"valueRequired\":true,\"valueName\":\"search_term_string\"}}],\"inLanguage\":\"en-US\"},{\"@type\":[\"Person\",\"Organization\"],\"@id\":\"https:\/\/toshtachino.com\/#\/schema\/person\/535554ab1a12d82caa455863b3eb5a25\",\"name\":\"Tosh Tachino\",\"image\":{\"@type\":\"ImageObject\",\"inLanguage\":\"en-US\",\"@id\":\"https:\/\/toshtachino.com\/#\/schema\/person\/image\/\",\"url\":\"https:\/\/toshtachino.com\/wp-content\/uploads\/2024\/08\/tt_logo.png\",\"contentUrl\":\"https:\/\/toshtachino.com\/wp-content\/uploads\/2024\/08\/tt_logo.png\",\"width\":600,\"height\":600,\"caption\":\"Tosh Tachino\"},\"logo\":{\"@id\":\"https:\/\/toshtachino.com\/#\/schema\/person\/image\/\"},\"description\":\"Tosh Tachino, Ph.D., is a university lecturer and a language and communication consultant. His research involves the intersection of academic research and public policy, and he examines knowledge mobilization from linguistic and rhetorical perspectives. His specialty in teaching is academic English for research publications, and he has helped researchers, professors, and students of all levels (both L1 and L2) achieve their goals. His previous work has appeared in the Journal of Applied Linguistics and Professional Practice, Text and Talk, Written Communication, Winnipeg Free Press, Inkshed, and in an anthology Genre and the Performance of Publics (Utah State University Press), among others.\",\"sameAs\":[\"http:\/\/toshtachino.com\",\"https:\/\/www.facebook.com\/profile.php?id=100095131629986\",\"https:\/\/www.instagram.com\/toshtachino\/\",\"https:\/\/www.linkedin.com\/in\/tosh-tachino\/\",\"https:\/\/www.tumblr.com\/toshtachino\"]}]}<\/script>\n<!-- \/ Yoast SEO plugin. -->","yoast_head_json":{"title":"Teaching - Tosh Tachino","robots":{"index":"index","follow":"follow","max-snippet":"max-snippet:-1","max-image-preview":"max-image-preview:large","max-video-preview":"max-video-preview:-1"},"canonical":"https:\/\/toshtachino.com\/index.php\/teaching\/","og_locale":"en_US","og_type":"article","og_title":"Teaching - Tosh Tachino","og_description":"Teaching Dr. Tachino has taught a range of subject to diverse students and clients in many different contexts. His specialty in teaching is academic writing for research publications, and he trains both graduate students (both L1 and L2) and other researchers. He is always excited to see his students and clients succeed in publishing their [&hellip;]","og_url":"https:\/\/toshtachino.com\/index.php\/teaching\/","og_site_name":"Tosh Tachino","article_publisher":"https:\/\/www.facebook.com\/profile.php?id=100095131629986","article_modified_time":"2025-11-28T07:53:56+00:00","twitter_card":"summary_large_image","twitter_misc":{"Est. reading time":"2 minutes"},"schema":{"@context":"https:\/\/schema.org","@graph":[{"@type":"WebPage","@id":"https:\/\/toshtachino.com\/index.php\/teaching\/","url":"https:\/\/toshtachino.com\/index.php\/teaching\/","name":"Teaching - Tosh Tachino","isPartOf":{"@id":"https:\/\/toshtachino.com\/#website"},"datePublished":"2024-08-08T11:23:52+00:00","dateModified":"2025-11-28T07:53:56+00:00","breadcrumb":{"@id":"https:\/\/toshtachino.com\/index.php\/teaching\/#breadcrumb"},"inLanguage":"en-US","potentialAction":[{"@type":"ReadAction","target":["https:\/\/toshtachino.com\/index.php\/teaching\/"]}]},{"@type":"BreadcrumbList","@id":"https:\/\/toshtachino.com\/index.php\/teaching\/#breadcrumb","itemListElement":[{"@type":"ListItem","position":1,"name":"Home","item":"https:\/\/toshtachino.com\/"},{"@type":"ListItem","position":2,"name":"Teaching"}]},{"@type":"WebSite","@id":"https:\/\/toshtachino.com\/#website","url":"https:\/\/toshtachino.com\/","name":"Tosh Tachino","description":"Finding solutions to your language and communication problems","publisher":{"@id":"https:\/\/toshtachino.com\/#\/schema\/person\/535554ab1a12d82caa455863b3eb5a25"},"alternateName":"Tosh Tachino","potentialAction":[{"@type":"SearchAction","target":{"@type":"EntryPoint","urlTemplate":"https:\/\/toshtachino.com\/?s={search_term_string}"},"query-input":{"@type":"PropertyValueSpecification","valueRequired":true,"valueName":"search_term_string"}}],"inLanguage":"en-US"},{"@type":["Person","Organization"],"@id":"https:\/\/toshtachino.com\/#\/schema\/person\/535554ab1a12d82caa455863b3eb5a25","name":"Tosh Tachino","image":{"@type":"ImageObject","inLanguage":"en-US","@id":"https:\/\/toshtachino.com\/#\/schema\/person\/image\/","url":"https:\/\/toshtachino.com\/wp-content\/uploads\/2024\/08\/tt_logo.png","contentUrl":"https:\/\/toshtachino.com\/wp-content\/uploads\/2024\/08\/tt_logo.png","width":600,"height":600,"caption":"Tosh Tachino"},"logo":{"@id":"https:\/\/toshtachino.com\/#\/schema\/person\/image\/"},"description":"Tosh Tachino, Ph.D., is a university lecturer and a language and communication consultant. His research involves the intersection of academic research and public policy, and he examines knowledge mobilization from linguistic and rhetorical perspectives. His specialty in teaching is academic English for research publications, and he has helped researchers, professors, and students of all levels (both L1 and L2) achieve their goals. His previous work has appeared in the Journal of Applied Linguistics and Professional Practice, Text and Talk, Written Communication, Winnipeg Free Press, Inkshed, and in an anthology Genre and the Performance of Publics (Utah State University Press), among others.","sameAs":["http:\/\/toshtachino.com","https:\/\/www.facebook.com\/profile.php?id=100095131629986","https:\/\/www.instagram.com\/toshtachino\/","https:\/\/www.linkedin.com\/in\/tosh-tachino\/","https:\/\/www.tumblr.com\/toshtachino"]}]}},"_links":{"self":[{"href":"https:\/\/toshtachino.com\/index.php\/wp-json\/wp\/v2\/pages\/17","targetHints":{"allow":["GET"]}}],"collection":[{"href":"https:\/\/toshtachino.com\/index.php\/wp-json\/wp\/v2\/pages"}],"about":[{"href":"https:\/\/toshtachino.com\/index.php\/wp-json\/wp\/v2\/types\/page"}],"author":[{"embeddable":true,"href":"https:\/\/toshtachino.com\/index.php\/wp-json\/wp\/v2\/users\/1"}],"replies":[{"embeddable":true,"href":"https:\/\/toshtachino.com\/index.php\/wp-json\/wp\/v2\/comments?post=17"}],"version-history":[{"count":34,"href":"https:\/\/toshtachino.com\/index.php\/wp-json\/wp\/v2\/pages\/17\/revisions"}],"predecessor-version":[{"id":790,"href":"https:\/\/toshtachino.com\/index.php\/wp-json\/wp\/v2\/pages\/17\/revisions\/790"}],"wp:attachment":[{"href":"https:\/\/toshtachino.com\/index.php\/wp-json\/wp\/v2\/media?parent=17"}],"curies":[{"name":"wp","href":"https:\/\/api.w.org\/{rel}","templated":true}]}}